{"id":938,"date":"2018-05-20T06:28:49","date_gmt":"2018-05-20T06:28:49","guid":{"rendered":"https:\/\/editorial.trevenque.es\/mx\/servicios-para-librerias\/"},"modified":"2022-02-01T11:37:44","modified_gmt":"2022-02-01T11:37:44","slug":"servicios-para-librerias","status":"publish","type":"page","link":"https:\/\/editorial.trevenque.es\/mx\/servicios-para-librerias\/","title":{"rendered":"Servicios para librer\u00edas"},"content":{"rendered":"<p><div class=\"fusion-fullwidth fullwidth-box block-intro-services nonhundred-percent-fullwidth non-hundred-percent-height-scrolling\"  style='background-color: rgba(139,195,74,0);background-position: center center;background-repeat: no-repeat;padding-top:20px;padding-right:0px;padding-bottom:20px;padding-left:0px;'><div class=\"fusion-builder-row fusion-row \"><div  class=\"fusion-layout-column fusion_builder_column fusion_builder_column_1_1  fusion-one-full fusion-column-first fusion-column-last 1_1\"  style='margin-top:0px;margin-bottom:20px;'>\n\t\t\t\t\t<div class=\"fusion-column-wrapper\" style=\"padding: 0px 0px 0px 0px;background-position:left top;background-repeat:no-repeat;-webkit-background-size:cover;-moz-background-size:cover;-o-background-size:cover;background-size:cover;\"  data-bg-url=\"\">\n\t\t\t\t\t\t<div class=\"fusion-text\"><h3 class=\"common-SuperTitle\" style=\"text-align: center;\">La soluci\u00f3n m\u00e1s adecuada para la gesti\u00f3n de tu librer\u00eda<\/h3>\n<p style=\"text-align: center;\">Combina la experiencia del principal programa de gesti\u00f3n para librer\u00edas y papeler\u00edas, <strong>Geslib, <\/strong>con la integraci\u00f3n en la venta online de t\u00edtulos en papel, digitales (ebook) y de impresi\u00f3n bajo demanda, a trav\u00e9s\u00a0de nuestra soluci\u00f3n\u00a0<strong>Weblib.<\/strong><\/p>\n<\/div><div class=\"fusion-clearfix\"><\/div>\n\n\t\t\t\t\t<\/div>\n\t\t\t\t<\/div><\/div><\/div><div class=\"fusion-fullwidth fullwidth-box nonhundred-percent-fullwidth non-hundred-percent-height-scrolling\"  style='background-color: rgba(139,195,74,0);background-position: center center;background-repeat: no-repeat;padding-top:20px;padding-right:0px;padding-bottom:20px;padding-left:0px;'><div class=\"fusion-builder-row fusion-row \"><div  class=\"fusion-layout-column fusion_builder_column fusion_builder_column_1_1  fusion-one-full fusion-column-first fusion-column-last wrapped-text 1_1\"  style='margin-top:0px;margin-bottom:30px;'>\n\t\t\t\t\t<div class=\"fusion-column-wrapper\" style=\"padding: 0px 0px 0px 0px;background-position:left top;background-repeat:no-repeat;-webkit-background-size:cover;-moz-background-size:cover;-o-background-size:cover;background-size:cover;\"  data-bg-url=\"\">\n\t\t\t\t\t\t<div class=\"fusion-text\"><h2 style=\"text-align: center;\">Ventajas para tu negocio<\/h2>\n<p class=\"description\" style=\"text-align: center;\">En poco tiempo rentabilizar\u00e1s la inversi\u00f3n realizada.<\/p>\n<\/div><div class=\"fusion-clearfix\"><\/div>\n\n\t\t\t\t\t<\/div>\n\t\t\t\t<\/div><div  class=\"fusion-layout-column fusion_builder_column fusion_builder_column_1_4  fusion-one-fourth fusion-column-first 1_4\"  style='margin-top:0px;margin-bottom:20px;width:25%;width:calc(25% - ( ( 4% + 4% + 4% ) * 0.25 ) );margin-right: 4%;'>\n\t\t\t\t\t<div class=\"fusion-column-wrapper\" style=\"padding: 0px 0px 0px 0px;background-position:left top;background-repeat:no-repeat;-webkit-background-size:cover;-moz-background-size:cover;-o-background-size:cover;background-size:cover;\"  data-bg-url=\"\">\n\t\t\t\t\t\t<div class=\"fusion-text\"><p><img loading=\"lazy\" decoding=\"async\" class=\"ico-circle size-full wp-image-719 aligncenter\" style=\"margin-top: 0;\" src=\"https:\/\/editorial.trevenque.es\/wp-content\/uploads\/2018\/06\/ico-17.png\" alt=\"\" width=\"72\" height=\"72\" srcset=\"https:\/\/editorial.trevenque.es\/wp-content\/uploads\/2018\/06\/ico-17-66x66.png 66w, https:\/\/editorial.trevenque.es\/wp-content\/uploads\/2018\/06\/ico-17.png 72w\" sizes=\"auto, (max-width: 72px) 100vw, 72px\" \/><\/p>\n<h3 style=\"text-align: center;\">Productividad<\/h3>\n<p style=\"text-align: center;\">Abarca, de principio a fin, todos los procesos de trabajo de tu librer\u00eda, mejorando la gesti\u00f3n del tiempo y de las tareas.<\/p>\n<\/div><div class=\"fusion-clearfix\"><\/div>\n\n\t\t\t\t\t<\/div>\n\t\t\t\t<\/div><div  class=\"fusion-layout-column fusion_builder_column fusion_builder_column_1_4  fusion-one-fourth 1_4\"  style='margin-top:0px;margin-bottom:20px;width:25%;width:calc(25% - ( ( 4% + 4% + 4% ) * 0.25 ) );margin-right: 4%;'>\n\t\t\t\t\t<div class=\"fusion-column-wrapper\" style=\"padding: 0px 0px 0px 0px;background-position:left top;background-repeat:no-repeat;-webkit-background-size:cover;-moz-background-size:cover;-o-background-size:cover;background-size:cover;\"  data-bg-url=\"\">\n\t\t\t\t\t\t<div class=\"fusion-text\"><p><img loading=\"lazy\" decoding=\"async\" class=\"ico-circle size-full wp-image-681 aligncenter\" style=\"margin-top: 0;\" src=\"https:\/\/editorial.trevenque.es\/wp-content\/uploads\/2018\/05\/ico-01.png\" alt=\"\" width=\"72\" height=\"72\" srcset=\"https:\/\/editorial.trevenque.es\/wp-content\/uploads\/2018\/05\/ico-01-66x66.png 66w, https:\/\/editorial.trevenque.es\/wp-content\/uploads\/2018\/05\/ico-01.png 72w\" sizes=\"auto, (max-width: 72px) 100vw, 72px\" \/><\/p>\n<h3 style=\"text-align: center;\">Gesti\u00f3n Integrada<\/h3>\n<p style=\"text-align: center;\">Tu programa de gesti\u00f3n completamente integrado con tu p\u00e1gina web, desde un \u00fanico sitio de forma f\u00e1cil y sencilla.<\/p>\n<\/div><div class=\"fusion-clearfix\"><\/div>\n\n\t\t\t\t\t<\/div>\n\t\t\t\t<\/div><div  class=\"fusion-layout-column fusion_builder_column fusion_builder_column_1_4  fusion-one-fourth 1_4\"  style='margin-top:0px;margin-bottom:20px;width:25%;width:calc(25% - ( ( 4% + 4% + 4% ) * 0.25 ) );margin-right: 4%;'>\n\t\t\t\t\t<div class=\"fusion-column-wrapper\" style=\"padding: 0px 0px 0px 0px;background-position:left top;background-repeat:no-repeat;-webkit-background-size:cover;-moz-background-size:cover;-o-background-size:cover;background-size:cover;\"  data-bg-url=\"\">\n\t\t\t\t\t\t<div class=\"fusion-text\"><p><img loading=\"lazy\" decoding=\"async\" class=\"ico-circle size-full wp-image-716 aligncenter\" style=\"margin-top: 0;\" src=\"https:\/\/editorial.trevenque.es\/wp-content\/uploads\/2018\/06\/ico-16.png\" alt=\"\" width=\"72\" height=\"72\" srcset=\"https:\/\/editorial.trevenque.es\/wp-content\/uploads\/2018\/06\/ico-16-66x66.png 66w, https:\/\/editorial.trevenque.es\/wp-content\/uploads\/2018\/06\/ico-16.png 72w\" sizes=\"auto, (max-width: 72px) 100vw, 72px\" \/><\/p>\n<h3 style=\"text-align: center;\">Decisiones eficientes<\/h3>\n<p style=\"text-align: center;\">\u00a0Conocer mejor tu negocio mediante el uso de informaci\u00f3n unificada de tus ventas y clientes, te ayudar\u00e1 a ser mas eficaz.<\/p>\n<\/div><div class=\"fusion-clearfix\"><\/div>\n\n\t\t\t\t\t<\/div>\n\t\t\t\t<\/div><div  class=\"fusion-layout-column fusion_builder_column fusion_builder_column_1_4  fusion-one-fourth fusion-column-last 1_4\"  style='margin-top:0px;margin-bottom:20px;width:25%;width:calc(25% - ( ( 4% + 4% + 4% ) * 0.25 ) );'>\n\t\t\t\t\t<div class=\"fusion-column-wrapper\" style=\"padding: 0px 0px 0px 0px;background-position:left top;background-repeat:no-repeat;-webkit-background-size:cover;-moz-background-size:cover;-o-background-size:cover;background-size:cover;\"  data-bg-url=\"\">\n\t\t\t\t\t\t<div class=\"fusion-text\"><p><img loading=\"lazy\" decoding=\"async\" class=\"ico-circle size-full wp-image-685 aligncenter\" style=\"margin-top: 0;\" src=\"https:\/\/editorial.trevenque.es\/wp-content\/uploads\/2018\/06\/ico-04.png\" alt=\"\" width=\"72\" height=\"72\" srcset=\"https:\/\/editorial.trevenque.es\/wp-content\/uploads\/2018\/06\/ico-04-66x66.png 66w, https:\/\/editorial.trevenque.es\/wp-content\/uploads\/2018\/06\/ico-04.png 72w\" sizes=\"auto, (max-width: 72px) 100vw, 72px\" \/><\/p>\n<h3 style=\"text-align: center;\">Innovaci\u00f3n<\/h3>\n<p style=\"text-align: center;\">Dispondr\u00e1s autom\u00e1ticamente de las \u00faltimas mejoras tecnol\u00f3gicas que demanda el sector del libro.<\/p>\n<\/div><div class=\"fusion-clearfix\"><\/div>\n\n\t\t\t\t\t<\/div>\n\t\t\t\t<\/div><\/div><\/div><div class=\"fusion-fullwidth fullwidth-box bg-gray block-products block-products-three nonhundred-percent-fullwidth non-hundred-percent-height-scrolling\"  style='background-color: rgba(139,195,74,0);background-position: center center;background-repeat: no-repeat;padding-top:20px;padding-right:0px;padding-bottom:20px;padding-left:0px;'><div class=\"fusion-builder-row fusion-row \"><div  class=\"fusion-layout-column fusion_builder_column fusion_builder_column_1_1  fusion-one-full fusion-column-first fusion-column-last wrapped-text 1_1\"  style='margin-top:0px;margin-bottom:20px;'>\n\t\t\t\t\t<div class=\"fusion-column-wrapper\" style=\"padding: 0px 0px 0px 0px;background-position:left top;background-repeat:no-repeat;-webkit-background-size:cover;-moz-background-size:cover;-o-background-size:cover;background-size:cover;\"  data-bg-url=\"\">\n\t\t\t\t\t\t<div class=\"fusion-text\"><h2 style=\"text-align: center;\">Soluciones para tu negocio<\/h2>\n<p class=\"description\" style=\"text-align: center;\">Conoce nuestros productos espec\u00edficos para librer\u00edas, papeler\u00edas y cadenas de tiendas que mejor se adapten a tu negocio.<\/p>\n<\/div><div class=\"fusion-clearfix\"><\/div>\n\n\t\t\t\t\t<\/div>\n\t\t\t\t<\/div><div  class=\"fusion-layout-column fusion_builder_column fusion_builder_column_1_3  fusion-one-third fusion-column-first block-boxed 1_3\"  style='margin-top:0px;margin-bottom:20px;width:33.33%;width:calc(33.33% - ( ( 4% + 4% ) * 0.3333 ) );margin-right: 4%;'>\n\t\t\t\t\t<div class=\"fusion-column-wrapper\" style=\"padding: 0px 0px 0px 0px;background-position:left top;background-repeat:no-repeat;-webkit-background-size:cover;-moz-background-size:cover;-o-background-size:cover;background-size:cover;\"  data-bg-url=\"\">\n\t\t\t\t\t\t<div class=\"fusion-text\"><h3><img loading=\"lazy\" decoding=\"async\" class=\"alignnone size-full wp-image-520\" src=\"https:\/\/editorial.trevenque.es\/wp-content\/uploads\/2018\/05\/logo-geslib.png\" alt=\"\" width=\"284\" height=\"77\" srcset=\"https:\/\/editorial.trevenque.es\/wp-content\/uploads\/2018\/05\/logo-geslib-200x54.png 200w, https:\/\/editorial.trevenque.es\/wp-content\/uploads\/2018\/05\/logo-geslib.png 284w\" sizes=\"auto, (max-width: 284px) 100vw, 284px\" \/><\/h3>\n<p>Un sistema de gesti\u00f3n espec\u00edficamente dise\u00f1ado para la <strong>informatizaci\u00f3n de todos los procesos de tu librer\u00eda y<\/strong>\u00a0<strong>papeler\u00eda<\/strong> agilizando la gesti\u00f3n de tu negocio, aumentando la productividad y la ventaja competitiva.<\/p>\n<div class=\"see-more\"><a class=\"fusion-text-link\" href=\"https:\/\/editorial.trevenque.es\/mx\/productos\/geslib\/\"><span class=\"fusion-button-text\">Saber m\u00e1s<\/span><\/a><\/div>\n<\/div><div class=\"fusion-clearfix\"><\/div>\n\n\t\t\t\t\t<\/div>\n\t\t\t\t<\/div><div  class=\"fusion-layout-column fusion_builder_column fusion_builder_column_1_3  fusion-one-third block-boxed 1_3\"  style='margin-top:0px;margin-bottom:20px;width:33.33%;width:calc(33.33% - ( ( 4% + 4% ) * 0.3333 ) );margin-right: 4%;'>\n\t\t\t\t\t<div class=\"fusion-column-wrapper\" style=\"padding: 0px 0px 0px 0px;background-position:left top;background-repeat:no-repeat;-webkit-background-size:cover;-moz-background-size:cover;-o-background-size:cover;background-size:cover;\"  data-bg-url=\"\">\n\t\t\t\t\t\t<div class=\"fusion-text\"><h3><img loading=\"lazy\" decoding=\"async\" class=\"alignnone size-full wp-image-2400\" src=\"https:\/\/editorial.trevenque.es\/wp-content\/uploads\/2020\/03\/Logo-Geslib-Mobile.png\" alt=\"Logo Geslib Mobile\" width=\"258\" height=\"68\" srcset=\"https:\/\/editorial.trevenque.es\/wp-content\/uploads\/2020\/03\/Logo-Geslib-Mobile-200x53.png 200w, https:\/\/editorial.trevenque.es\/wp-content\/uploads\/2020\/03\/Logo-Geslib-Mobile.png 258w\" sizes=\"auto, (max-width: 258px) 100vw, 258px\" \/><\/h3>\n<p>La app que ayuda a gestionar tu <strong>librer\u00eda<\/strong> o <strong>papeler\u00eda.<\/strong><\/p>\n<div class=\"see-more\"><a class=\"fusion-text-link\" href=\"https:\/\/editorial.trevenque.es\/mx\/productos\/geslib-mobile\/\"><span class=\"fusion-button-text\">Saber m\u00e1s<\/span><\/a><\/div>\n<\/div><div class=\"fusion-clearfix\"><\/div>\n\n\t\t\t\t\t<\/div>\n\t\t\t\t<\/div><div  class=\"fusion-layout-column fusion_builder_column fusion_builder_column_1_3  fusion-one-third fusion-column-last block-boxed 1_3\"  style='margin-top:0px;margin-bottom:20px;width:33.33%;width:calc(33.33% - ( ( 4% + 4% ) * 0.3333 ) );'>\n\t\t\t\t\t<div class=\"fusion-column-wrapper\" style=\"padding: 0px 0px 0px 0px;background-position:left top;background-repeat:no-repeat;-webkit-background-size:cover;-moz-background-size:cover;-o-background-size:cover;background-size:cover;\"  data-bg-url=\"\">\n\t\t\t\t\t\t<div class=\"fusion-text\"><h3><img loading=\"lazy\" decoding=\"async\" class=\"alignnone size-full wp-image-644\" src=\"https:\/\/editorial.trevenque.es\/wp-content\/uploads\/2018\/05\/logo-weblib.png\" alt=\"\" width=\"251\" height=\"62\" srcset=\"https:\/\/editorial.trevenque.es\/wp-content\/uploads\/2018\/05\/logo-weblib-200x49.png 200w, https:\/\/editorial.trevenque.es\/wp-content\/uploads\/2018\/05\/logo-weblib.png 251w\" sizes=\"auto, (max-width: 251px) 100vw, 251px\" \/><\/h3>\n<p>Una <strong>tienda online<\/strong> espec\u00edfica para libros, ebooks, art\u00edculos de papeler\u00eda y audiovisuales <strong>integrada con el programa de gesti\u00f3n Geslib<\/strong>. Es una soluci\u00f3n que se adapta a librer\u00edas, tiendas peque\u00f1as y a grandes cadenas.<\/p>\n<div class=\"see-more\"><a class=\"fusion-text-link\" href=\"https:\/\/editorial.trevenque.es\/mx\/productos\/weblib\/\"><span class=\"fusion-button-text\">Saber m\u00e1s<\/span><\/a><\/div>\n<\/div><div class=\"fusion-clearfix\"><\/div>\n\n\t\t\t\t\t<\/div>\n\t\t\t\t<\/div><\/div><\/div><div class=\"fusion-fullwidth fullwidth-box nonhundred-percent-fullwidth non-hundred-percent-height-scrolling\"  style='background-color: rgba(139,195,74,0);background-position: center center;background-repeat: no-repeat;padding-top:0px;padding-right:0px;padding-bottom:0px;padding-left:0px;'><div class=\"fusion-builder-row fusion-row \"><div  class=\"fusion-layout-column fusion_builder_column fusion_builder_column_1_1  fusion-one-full fusion-column-first fusion-column-last block-consulting 1_1\"  style='margin-top:0px;margin-bottom:20px;'>\n\t\t\t\t\t<div class=\"fusion-column-wrapper\" style=\"padding: 0px 0px 0px 0px;background-position:left top;background-repeat:no-repeat;-webkit-background-size:cover;-moz-background-size:cover;-o-background-size:cover;background-size:cover;\"  data-bg-url=\"\">\n\t\t\t\t\t\t<div class=\"fusion-text\"><h3>Conocimiento y experiencia al servicio de tu negocio<\/h3>\n<p>Nuestro equipo estar\u00e1 encantado de buscar las soluciones que mejor se adapten a tus necesidades y resolver cualquier duda sobre nuestros productos.<a class=\"fusion-modal-text-link button-default button-inverse\" data-toggle=\"modal\" data-target=\".fusion-modal.modal-contact\" href=\"#\"><span class=\"fusion-button-text\">Contacta con un asesor<\/span><\/a><\/p>\n<\/div><div class=\"fusion-clearfix\"><\/div>\n\n\t\t\t\t\t<\/div>\n\t\t\t\t<\/div><\/div><\/div><div class=\"fusion-fullwidth fullwidth-box nonhundred-percent-fullwidth non-hundred-percent-height-scrolling\"  style='background-color: rgba(139,195,74,0);background-position: center center;background-repeat: no-repeat;padding-top:0px;padding-right:0px;padding-bottom:0px;padding-left:0px;'><div class=\"fusion-builder-row fusion-row \"><div  class=\"fusion-layout-column fusion_builder_column fusion_builder_column_1_1  fusion-one-full fusion-column-first fusion-column-last wrapped-text 1_1\"  style='margin-top:0px;margin-bottom:20px;'>\n\t\t\t\t\t<div class=\"fusion-column-wrapper\" style=\"padding: 0px 0px 0px 0px;background-position:left top;background-repeat:no-repeat;-webkit-background-size:cover;-moz-background-size:cover;-o-background-size:cover;background-size:cover;\"  data-bg-url=\"\">\n\t\t\t\t\t\t<div class=\"fusion-text\"><h2 style=\"text-align: center;\">M\u00e1s de 600 librer\u00edas conf\u00edan en nuestras soluciones<\/h2>\n<p class=\"description\" style=\"text-align: center;\">Los resultados de nuestros clientes hablan por s\u00ed mismos.<\/p>\n<\/div><div class=\"fusion-clearfix\"><\/div>\n\n\t\t\t\t\t<\/div>\n\t\t\t\t<\/div><div  class=\"fusion-layout-column fusion_builder_column fusion_builder_column_2_3  fusion-two-third fusion-column-first block-review-color block-review-color-troa 2_3\"  style='margin-top:0px;margin-bottom:20px;width:66.66%;width:calc(66.66% - ( ( 4% ) * 0.6666 ) );margin-right: 4%;'>\n\t\t\t\t\t<div class=\"fusion-column-wrapper\" style=\"padding: 0px 0px 0px 0px;background-position:left top;background-repeat:no-repeat;-webkit-background-size:cover;-moz-background-size:cover;-o-background-size:cover;background-size:cover;\"  data-bg-url=\"\">\n\t\t\t\t\t\t<div class=\"fusion-text\"><div class=\"review-txt\">&#8221;\u00a0Ten\u00edamos la necesidad de migrar a un sistema espec\u00edfico que aportase fluidez en el trabajo y que contemplara todas las peculiaridades del negocio. Tras la implantaci\u00f3n de Geslib, hemos podido realizar una migraci\u00f3n compleja sin que el servicio a los clientes se vea afectado, reduciendo el impacto en el trabajo cotidiano de nuestros empleados&#8221;.<\/div>\n<div><img loading=\"lazy\" decoding=\"async\" class=\"alignnone size-full wp-image-752\" src=\"https:\/\/editorial.trevenque.es\/wp-content\/uploads\/2018\/06\/logo-troa-small.png\" alt=\"\" width=\"129\" height=\"29\" \/><\/div>\n<\/div><div class=\"fusion-clearfix\"><\/div>\n\n\t\t\t\t\t<\/div>\n\t\t\t\t<\/div><div  class=\"fusion-layout-column fusion_builder_column fusion_builder_column_1_3  fusion-one-third fusion-column-last block-review-color-list 1_3\"  style='margin-top:0px;margin-bottom:20px;width:33.33%;width:calc(33.33% - ( ( 4% ) * 0.3333 ) );'>\n\t\t\t\t\t<div class=\"fusion-column-wrapper\" style=\"padding: 0px 0px 0px 0px;background-position:left top;background-repeat:no-repeat;-webkit-background-size:cover;-moz-background-size:cover;-o-background-size:cover;background-size:cover;\"  data-bg-url=\"\">\n\t\t\t\t\t\t<div class=\"fusion-text\"><ul class=\"check-list\">\n<li>\n<h4>Centralizaci\u00f3n y control<\/h4>\n<p>Ejecutar procesos de forma centralizada con toda la informaci\u00f3n accesible: facturaci\u00f3n a clientes, cobros, pagos, etc.<\/li>\n<li>\n<h4>Gesti\u00f3n de procesos eficiente<\/h4>\n<p>Sistematizaci\u00f3n de los procesos entre las distintas tiendas: pedidos entre tiendas, traspasos de mercanc\u00eda, etc.<\/li>\n<li>\n<h4>Integraci\u00f3n web<\/h4>\n<p>Integraci\u00f3n con la web y soporte online sin demoras.<\/li>\n<\/ul>\n<\/div><div class=\"fusion-clearfix\"><\/div>\n\n\t\t\t\t\t<\/div>\n\t\t\t\t<\/div><div  class=\"fusion-layout-column fusion_builder_column fusion_builder_column_1_1  fusion-one-full fusion-column-first fusion-column-last logos-list 1_1\"  style='margin-top:40px;margin-bottom:20px;'>\n\t\t\t\t\t<div class=\"fusion-column-wrapper\" style=\"padding: 0px 0px 0px 0px;background-position:left top;background-repeat:no-repeat;-webkit-background-size:cover;-moz-background-size:cover;-o-background-size:cover;background-size:cover;\"  data-bg-url=\"\">\n\t\t\t\t\t\t<div class=\"imageframe-align-center\"><span class=\"fusion-imageframe imageframe-none imageframe-1 hover-type-none\"><img loading=\"lazy\" decoding=\"async\" src=\"https:\/\/editorial.trevenque.es\/wp-content\/uploads\/2018\/07\/logos-librer\u00edas-espa\u00f1a.jpg\" width=\"1192\" height=\"82\" alt=\"logos librer\u00edas espa\u00f1a\" title=\"logos librer\u00edas espa\u00f1a\" class=\"img-responsive wp-image-2581\" srcset=\"https:\/\/editorial.trevenque.es\/wp-content\/uploads\/2018\/07\/logos-librer\u00edas-espa\u00f1a-200x14.jpg 200w, https:\/\/editorial.trevenque.es\/wp-content\/uploads\/2018\/07\/logos-librer\u00edas-espa\u00f1a-400x28.jpg 400w, https:\/\/editorial.trevenque.es\/wp-content\/uploads\/2018\/07\/logos-librer\u00edas-espa\u00f1a-600x41.jpg 600w, https:\/\/editorial.trevenque.es\/wp-content\/uploads\/2018\/07\/logos-librer\u00edas-espa\u00f1a-800x55.jpg 800w, https:\/\/editorial.trevenque.es\/wp-content\/uploads\/2018\/07\/logos-librer\u00edas-espa\u00f1a.jpg 1192w\" sizes=\"auto, (max-width: 850px) 100vw, 1192px\" \/><\/span><\/div><div class=\"fusion-clearfix\"><\/div>\n\n\t\t\t\t\t<\/div>\n\t\t\t\t<\/div><div  class=\"fusion-layout-column fusion_builder_column fusion_builder_column_1_1  fusion-one-full fusion-column-first fusion-column-last 1_1\"  style='margin-top:0px;margin-bottom:20px;'>\n\t\t\t\t\t<div class=\"fusion-column-wrapper\" style=\"padding: 0px 0px 0px 0px;background-position:left top;background-repeat:no-repeat;-webkit-background-size:cover;-moz-background-size:cover;-o-background-size:cover;background-size:cover;\"  data-bg-url=\"\">\n\t\t\t\t\t\t<div class=\"fusion-text\"><p style=\"text-align: center;\"><a class=\"fusion-text-link button-default\" href=\"https:\/\/editorial.trevenque.es\/mx\/casos-de-exito\/\"><span class=\"fusion-button-text\">Ver m\u00e1s casos de \u00e9xito<\/span><\/a><\/p>\n<\/div><div class=\"fusion-clearfix\"><\/div>\n\n\t\t\t\t\t<\/div>\n\t\t\t\t<\/div><\/div><\/div><\/p>\n","protected":false},"excerpt":{"rendered":"","protected":false},"author":14,"featured_media":774,"parent":0,"menu_order":0,"comment_status":"closed","ping_status":"closed","template":"100-width.php","meta":{"_acf_changed":false,"footnotes":""},"class_list":["post-938","page","type-page","status-publish","has-post-thumbnail","hentry"],"acf":[],"_links":{"self":[{"href":"https:\/\/editorial.trevenque.es\/mx\/wp-json\/wp\/v2\/pages\/938","targetHints":{"allow":["GET"]}}],"collection":[{"href":"https:\/\/editorial.trevenque.es\/mx\/wp-json\/wp\/v2\/pages"}],"about":[{"href":"https:\/\/editorial.trevenque.es\/mx\/wp-json\/wp\/v2\/types\/page"}],"author":[{"embeddable":true,"href":"https:\/\/editorial.trevenque.es\/mx\/wp-json\/wp\/v2\/users\/14"}],"replies":[{"embeddable":true,"href":"https:\/\/editorial.trevenque.es\/mx\/wp-json\/wp\/v2\/comments?post=938"}],"version-history":[{"count":38,"href":"https:\/\/editorial.trevenque.es\/mx\/wp-json\/wp\/v2\/pages\/938\/revisions"}],"predecessor-version":[{"id":3258,"href":"https:\/\/editorial.trevenque.es\/mx\/wp-json\/wp\/v2\/pages\/938\/revisions\/3258"}],"wp:featuredmedia":[{"embeddable":true,"href":"https:\/\/editorial.trevenque.es\/mx\/wp-json\/wp\/v2\/media\/774"}],"wp:attachment":[{"href":"https:\/\/editorial.trevenque.es\/mx\/wp-json\/wp\/v2\/media?parent=938"}],"curies":[{"name":"wp","href":"https:\/\/api.w.org\/{rel}","templated":true}]}}