{"id":795,"date":"2018-06-04T18:05:41","date_gmt":"2018-06-04T18:05:41","guid":{"rendered":"https:\/\/editorial.trevenque.es\/mx\/servicios-para-editoriales\/"},"modified":"2022-01-24T16:01:08","modified_gmt":"2022-01-24T16:01:08","slug":"servicios-para-editoriales","status":"publish","type":"page","link":"https:\/\/editorial.trevenque.es\/mx\/servicios-para-editoriales\/","title":{"rendered":"Servicios para editoriales"},"content":{"rendered":"<p><div class=\"fusion-fullwidth fullwidth-box block-intro-services nonhundred-percent-fullwidth non-hundred-percent-height-scrolling\"  style='background-color: rgba(139,195,74,0);background-position: center center;background-repeat: no-repeat;padding-top:20px;padding-right:0px;padding-bottom:20px;padding-left:0px;'><div class=\"fusion-builder-row fusion-row \"><div  class=\"fusion-layout-column fusion_builder_column fusion_builder_column_1_1  fusion-one-full fusion-column-first fusion-column-last 1_1\"  style='margin-top:0px;margin-bottom:20px;'>\n\t\t\t\t\t<div class=\"fusion-column-wrapper\" style=\"padding: 0px 0px 0px 0px;background-position:left top;background-repeat:no-repeat;-webkit-background-size:cover;-moz-background-size:cover;-o-background-size:cover;background-size:cover;\"  data-bg-url=\"\">\n\t\t\t\t\t\t<div class=\"fusion-text\"><h3 class=\"common-SuperTitle\" style=\"text-align: center;\">Tu editorial m\u00e1s visible y competitiva<\/h3>\n<p style=\"text-align: center;\">Nuestra soluci\u00f3n para editoriales se llama<strong> Gesedi, <\/strong>un programa de gesti\u00f3n adaptado para cada empresa con la posibilidad de integrar la venta online a trav\u00e9s de <strong>Webedi,<\/strong> nuestro producto para la venta online y promoci\u00f3n de libros, que te har\u00e1 m\u00e1s visible y competitivo en el entorno digital.<\/p>\n<\/div><div class=\"fusion-clearfix\"><\/div>\n\n\t\t\t\t\t<\/div>\n\t\t\t\t<\/div><\/div><\/div><div class=\"fusion-fullwidth fullwidth-box nonhundred-percent-fullwidth non-hundred-percent-height-scrolling\"  style='background-color: rgba(139,195,74,0);background-position: center center;background-repeat: no-repeat;padding-top:20px;padding-right:0px;padding-bottom:20px;padding-left:0px;'><div class=\"fusion-builder-row fusion-row \"><div  class=\"fusion-layout-column fusion_builder_column fusion_builder_column_1_1  fusion-one-full fusion-column-first fusion-column-last wrapped-text 1_1\"  style='margin-top:0px;margin-bottom:30px;'>\n\t\t\t\t\t<div class=\"fusion-column-wrapper\" style=\"padding: 0px 0px 0px 0px;background-position:left top;background-repeat:no-repeat;-webkit-background-size:cover;-moz-background-size:cover;-o-background-size:cover;background-size:cover;\"  data-bg-url=\"\">\n\t\t\t\t\t\t<div class=\"fusion-text\"><h2 style=\"text-align: center;\">Ventajas para tu editorial<\/h2>\n<p class=\"description\" style=\"text-align: center;\">Conocemos las necesidades del sector editorial, de esta forma te ayudaremos a mejorar.<\/p>\n<\/div><div class=\"fusion-clearfix\"><\/div>\n\n\t\t\t\t\t<\/div>\n\t\t\t\t<\/div><div  class=\"fusion-layout-column fusion_builder_column fusion_builder_column_1_4  fusion-one-fourth fusion-column-first 1_4\"  style='margin-top:0px;margin-bottom:20px;width:25%;width:calc(25% - ( ( 4% + 4% + 4% ) * 0.25 ) );margin-right: 4%;'>\n\t\t\t\t\t<div class=\"fusion-column-wrapper\" style=\"padding: 0px 0px 0px 0px;background-position:left top;background-repeat:no-repeat;-webkit-background-size:cover;-moz-background-size:cover;-o-background-size:cover;background-size:cover;\"  data-bg-url=\"\">\n\t\t\t\t\t\t<div class=\"fusion-text\"><p><img loading=\"lazy\" decoding=\"async\" class=\"ico-circle size-full wp-image-895 aligncenter\" style=\"margin-top: 0;\" src=\"https:\/\/editorial.trevenque.es\/wp-content\/uploads\/2018\/06\/ico-18.png\" alt=\"\" width=\"72\" height=\"72\" srcset=\"https:\/\/editorial.trevenque.es\/wp-content\/uploads\/2018\/06\/ico-18-66x66.png 66w, https:\/\/editorial.trevenque.es\/wp-content\/uploads\/2018\/06\/ico-18.png 72w\" sizes=\"auto, (max-width: 72px) 100vw, 72px\" \/><\/p>\n<h3 style=\"text-align: center;\">Mayor control<\/h3>\n<p style=\"text-align: center;\">Ten un mayor control de todo el ciclo productivo de tu editorial, optimizando los costos, presentes y futuros.<\/p>\n<\/div><div class=\"fusion-clearfix\"><\/div>\n\n\t\t\t\t\t<\/div>\n\t\t\t\t<\/div><div  class=\"fusion-layout-column fusion_builder_column fusion_builder_column_1_4  fusion-one-fourth 1_4\"  style='margin-top:0px;margin-bottom:20px;width:25%;width:calc(25% - ( ( 4% + 4% + 4% ) * 0.25 ) );margin-right: 4%;'>\n\t\t\t\t\t<div class=\"fusion-column-wrapper\" style=\"padding: 0px 0px 0px 0px;background-position:left top;background-repeat:no-repeat;-webkit-background-size:cover;-moz-background-size:cover;-o-background-size:cover;background-size:cover;\"  data-bg-url=\"\">\n\t\t\t\t\t\t<div class=\"fusion-text\"><p><img loading=\"lazy\" decoding=\"async\" class=\"ico-circle size-full wp-image-893 aligncenter\" style=\"margin-top: 0;\" src=\"https:\/\/editorial.trevenque.es\/wp-content\/uploads\/2018\/06\/ico-19.png\" alt=\"\" width=\"72\" height=\"72\" srcset=\"https:\/\/editorial.trevenque.es\/wp-content\/uploads\/2018\/06\/ico-19-66x66.png 66w, https:\/\/editorial.trevenque.es\/wp-content\/uploads\/2018\/06\/ico-19.png 72w\" sizes=\"auto, (max-width: 72px) 100vw, 72px\" \/><\/p>\n<h3 style=\"text-align: center;\">Ahorro en tiempo<\/h3>\n<p style=\"text-align: center;\">Gestiona, de forma sencilla y autom\u00e1tica, las diferentes licencias para la explotaci\u00f3n de las obras de autores, con lo que ahorrar\u00e1s en tiempo y costos.<\/p>\n<\/div><div class=\"fusion-clearfix\"><\/div>\n\n\t\t\t\t\t<\/div>\n\t\t\t\t<\/div><div  class=\"fusion-layout-column fusion_builder_column fusion_builder_column_1_4  fusion-one-fourth 1_4\"  style='margin-top:0px;margin-bottom:20px;width:25%;width:calc(25% - ( ( 4% + 4% + 4% ) * 0.25 ) );margin-right: 4%;'>\n\t\t\t\t\t<div class=\"fusion-column-wrapper\" style=\"padding: 0px 0px 0px 0px;background-position:left top;background-repeat:no-repeat;-webkit-background-size:cover;-moz-background-size:cover;-o-background-size:cover;background-size:cover;\"  data-bg-url=\"\">\n\t\t\t\t\t\t<div class=\"fusion-text\"><p><img loading=\"lazy\" decoding=\"async\" class=\"ico-circle size-full wp-image-896 aligncenter\" style=\"margin-top: 0;\" src=\"https:\/\/editorial.trevenque.es\/wp-content\/uploads\/2018\/06\/ico-20.png\" alt=\"\" width=\"72\" height=\"72\" srcset=\"https:\/\/editorial.trevenque.es\/wp-content\/uploads\/2018\/06\/ico-20-66x66.png 66w, https:\/\/editorial.trevenque.es\/wp-content\/uploads\/2018\/06\/ico-20.png 72w\" sizes=\"auto, (max-width: 72px) 100vw, 72px\" \/><\/p>\n<h3 style=\"text-align: center;\">Mayor rentabilidad<\/h3>\n<p style=\"text-align: center;\">Aumenta el n\u00famero de redes de distribuci\u00f3n, mayor control de la consignaci\u00f3n, conexi\u00f3n con las principales Marketplace y amplia tu editorial con el acceso a un mercado global.<\/p>\n<\/div><div class=\"fusion-clearfix\"><\/div>\n\n\t\t\t\t\t<\/div>\n\t\t\t\t<\/div><div  class=\"fusion-layout-column fusion_builder_column fusion_builder_column_1_4  fusion-one-fourth fusion-column-last 1_4\"  style='margin-top:0px;margin-bottom:20px;width:25%;width:calc(25% - ( ( 4% + 4% + 4% ) * 0.25 ) );'>\n\t\t\t\t\t<div class=\"fusion-column-wrapper\" style=\"padding: 0px 0px 0px 0px;background-position:left top;background-repeat:no-repeat;-webkit-background-size:cover;-moz-background-size:cover;-o-background-size:cover;background-size:cover;\"  data-bg-url=\"\">\n\t\t\t\t\t\t<div class=\"fusion-text\"><p><img loading=\"lazy\" decoding=\"async\" class=\"ico-circle size-full wp-image-894 aligncenter\" style=\"margin-top: 0;\" src=\"https:\/\/editorial.trevenque.es\/wp-content\/uploads\/2018\/06\/ico-21.png\" alt=\"\" width=\"72\" height=\"72\" srcset=\"https:\/\/editorial.trevenque.es\/wp-content\/uploads\/2018\/06\/ico-21-66x66.png 66w, https:\/\/editorial.trevenque.es\/wp-content\/uploads\/2018\/06\/ico-21.png 72w\" sizes=\"auto, (max-width: 72px) 100vw, 72px\" \/><\/p>\n<h3 style=\"text-align: center;\">Conexi\u00f3n completa<\/h3>\n<p style=\"text-align: center;\">Conecta con las principales plataformas del sector SINLI, DILVE, Cegal en Red, Libridata, Libros M\u00e9xico y RILVI. Adem\u00e1s, se integra de forma directa y bidireccional con Webedi.<\/p>\n<\/div><div class=\"fusion-clearfix\"><\/div>\n\n\t\t\t\t\t<\/div>\n\t\t\t\t<\/div><\/div><\/div><div class=\"fusion-fullwidth fullwidth-box bg-gray block-products nonhundred-percent-fullwidth non-hundred-percent-height-scrolling\"  style='background-color: rgba(139,195,74,0);background-position: center center;background-repeat: no-repeat;padding-top:20px;padding-right:0px;padding-bottom:20px;padding-left:0px;'><div class=\"fusion-builder-row fusion-row \"><div  class=\"fusion-layout-column fusion_builder_column fusion_builder_column_1_1  fusion-one-full fusion-column-first fusion-column-last wrapped-text 1_1\"  style='margin-top:0px;margin-bottom:20px;'>\n\t\t\t\t\t<div class=\"fusion-column-wrapper\" style=\"padding: 0px 0px 0px 0px;background-position:left top;background-repeat:no-repeat;-webkit-background-size:cover;-moz-background-size:cover;-o-background-size:cover;background-size:cover;\"  data-bg-url=\"\">\n\t\t\t\t\t\t<div class=\"fusion-text\"><h2 style=\"text-align: center;\">Soluciones para editoriales<\/h2>\n<p class=\"description\" style=\"text-align: center;\">Logra una gesti\u00f3n eficiente y autom\u00e1tica de tu negocio.<\/p>\n<\/div><div class=\"fusion-clearfix\"><\/div>\n\n\t\t\t\t\t<\/div>\n\t\t\t\t<\/div><div  class=\"fusion-layout-column fusion_builder_column fusion_builder_column_1_2  fusion-one-half fusion-column-first block-boxed 1_2\"  style='margin-top:0px;margin-bottom:20px;width:50%;width:calc(50% - ( ( 4% ) * 0.5 ) );margin-right: 4%;'>\n\t\t\t\t\t<div class=\"fusion-column-wrapper\" style=\"padding: 0px 0px 0px 0px;background-position:left top;background-repeat:no-repeat;-webkit-background-size:cover;-moz-background-size:cover;-o-background-size:cover;background-size:cover;\"  data-bg-url=\"\">\n\t\t\t\t\t\t<div class=\"fusion-text\"><h3><img loading=\"lazy\" decoding=\"async\" class=\"alignnone size-full wp-image-653\" src=\"https:\/\/editorial.trevenque.es\/wp-content\/uploads\/2018\/06\/logo-gesedi.png\" alt=\"\" width=\"257\" height=\"82\" srcset=\"https:\/\/editorial.trevenque.es\/wp-content\/uploads\/2018\/06\/logo-gesedi-200x64.png 200w, https:\/\/editorial.trevenque.es\/wp-content\/uploads\/2018\/06\/logo-gesedi.png 257w\" sizes=\"auto, (max-width: 257px) 100vw, 257px\" \/><\/h3>\n<p>Un sistema completo de gesti\u00f3n para editoriales especialmente dise\u00f1ado para integrar toda la cadena de valor del sector del libro.<\/p>\n<div class=\"see-more\"><a class=\"fusion-text-link\" href=\"https:\/\/editorial.trevenque.es\/mx\/productos\/gesedi\/\"><span class=\"fusion-button-text\">Saber m\u00e1s<\/span><\/a><\/div>\n<\/div><div class=\"fusion-clearfix\"><\/div>\n\n\t\t\t\t\t<\/div>\n\t\t\t\t<\/div><div  class=\"fusion-layout-column fusion_builder_column fusion_builder_column_1_2  fusion-one-half fusion-column-last block-boxed 1_2\"  style='margin-top:0px;margin-bottom:20px;width:50%;width:calc(50% - ( ( 4% ) * 0.5 ) );'>\n\t\t\t\t\t<div class=\"fusion-column-wrapper\" style=\"padding: 0px 0px 0px 0px;background-position:left top;background-repeat:no-repeat;-webkit-background-size:cover;-moz-background-size:cover;-o-background-size:cover;background-size:cover;\"  data-bg-url=\"\">\n\t\t\t\t\t\t<div class=\"fusion-text\"><h3><img loading=\"lazy\" decoding=\"async\" class=\"alignnone size-full wp-image-641\" src=\"https:\/\/editorial.trevenque.es\/wp-content\/uploads\/2018\/06\/logo-webedi.png\" alt=\"\" width=\"222\" height=\"69\" srcset=\"https:\/\/editorial.trevenque.es\/wp-content\/uploads\/2018\/06\/logo-webedi-200x62.png 200w, https:\/\/editorial.trevenque.es\/wp-content\/uploads\/2018\/06\/logo-webedi.png 222w\" sizes=\"auto, (max-width: 222px) 100vw, 222px\" \/><\/h3>\n<p>Una soluci\u00f3n espec\u00edfica para la <strong>promoci\u00f3n online de editoriales, <\/strong>con lo que conseguir\u00e1s tener m\u00e1s visibilidad y ser m\u00e1s competitivo en el entorno digital, ayudando a<strong> promocionar y vender tu cat\u00e1logo de libros en Internet. <\/strong><\/p>\n<div class=\"see-more\"><a class=\"fusion-text-link\" href=\"https:\/\/editorial.trevenque.es\/mx\/productos\/webedi\/\"><span class=\"fusion-button-text\">Saber m\u00e1s<\/span><\/a><\/div>\n<\/div><div class=\"fusion-clearfix\"><\/div>\n\n\t\t\t\t\t<\/div>\n\t\t\t\t<\/div><\/div><\/div><div class=\"fusion-fullwidth fullwidth-box nonhundred-percent-fullwidth non-hundred-percent-height-scrolling\"  style='background-color: rgba(139,195,74,0);background-position: center center;background-repeat: no-repeat;padding-top:0px;padding-right:0px;padding-bottom:0px;padding-left:0px;'><div class=\"fusion-builder-row fusion-row \"><div  class=\"fusion-layout-column fusion_builder_column fusion_builder_column_1_1  fusion-one-full fusion-column-first fusion-column-last block-consulting 1_1\"  style='margin-top:0px;margin-bottom:20px;'>\n\t\t\t\t\t<div class=\"fusion-column-wrapper\" style=\"padding: 0px 0px 0px 0px;background-position:left top;background-repeat:no-repeat;-webkit-background-size:cover;-moz-background-size:cover;-o-background-size:cover;background-size:cover;\"  data-bg-url=\"\">\n\t\t\t\t\t\t<div class=\"fusion-text\"><h3>Conocimiento y experiencia al servicio de tu negocio<\/h3>\n<p>Nuestro equipo estar\u00e1 encantado de buscar las soluciones que mejor se adapten a tus necesidades y resolverte cualquier duda sobre nuestros productos.<a class=\"fusion-modal-text-link button-default button-inverse\" data-toggle=\"modal\" data-target=\".fusion-modal.modal-contact\" href=\"#\"><span class=\"fusion-button-text\">Contacta con un asesor<\/span><\/a><\/p>\n<\/div><div class=\"fusion-clearfix\"><\/div>\n\n\t\t\t\t\t<\/div>\n\t\t\t\t<\/div><\/div><\/div><div class=\"fusion-fullwidth fullwidth-box nonhundred-percent-fullwidth non-hundred-percent-height-scrolling\"  style='background-color: rgba(139,195,74,0);background-position: center center;background-repeat: no-repeat;padding-top:0px;padding-right:0px;padding-bottom:0px;padding-left:0px;'><div class=\"fusion-builder-row fusion-row \"><div  class=\"fusion-layout-column fusion_builder_column fusion_builder_column_1_1  fusion-one-full fusion-column-first fusion-column-last wrapped-text 1_1\"  style='margin-top:0px;margin-bottom:20px;'>\n\t\t\t\t\t<div class=\"fusion-column-wrapper\" style=\"padding: 0px 0px 0px 0px;background-position:left top;background-repeat:no-repeat;-webkit-background-size:cover;-moz-background-size:cover;-o-background-size:cover;background-size:cover;\"  data-bg-url=\"\">\n\t\t\t\t\t\t<div class=\"fusion-text\"><h2 style=\"text-align: center;\">Gesedi, el software de gesti\u00f3n en el que conf\u00edan grandes editoriales espa\u00f1olas<\/h2>\n<p class=\"description\" style=\"text-align: center;\">El testimonio de nuestros clientes, nuestra mejor garant\u00eda.<\/p>\n<\/div><div class=\"fusion-clearfix\"><\/div>\n\n\t\t\t\t\t<\/div>\n\t\t\t\t<\/div><div  class=\"fusion-layout-column fusion_builder_column fusion_builder_column_2_3  fusion-two-third fusion-column-first block-review-color block-review-color-ermi 2_3\"  style='margin-top:0px;margin-bottom:20px;width:66.66%;width:calc(66.66% - ( ( 4% ) * 0.6666 ) );margin-right: 4%;'>\n\t\t\t\t\t<div class=\"fusion-column-wrapper\" style=\"padding: 0px 0px 0px 0px;background-position:left top;background-repeat:no-repeat;-webkit-background-size:cover;-moz-background-size:cover;-o-background-size:cover;background-size:cover;\"  data-bg-url=\"\">\n\t\t\t\t\t\t<div class=\"fusion-text\"><div class=\"review-txt\">\u201cGESEDI nos dio funcionalidades que busc\u00e1bamos y que no ten\u00edamos. Part\u00edamos de un software antiguo, desarrollado por una empresa tecnol\u00f3gica local. Con las opciones de &#8216;trabajo por lotes&#8217; y &#8216;cargas de archivos Excel&#8217; hemos aumentado la productividad, sobre todo a la hora de cargar los pedidos y las liquidaciones en el sistema. \u201d<\/div>\n<div><img loading=\"lazy\" decoding=\"async\" class=\"alignnone wp-image-1242\" src=\"https:\/\/editorial.trevenque.es\/wp-content\/uploads\/2018\/07\/eunsa.png\" alt=\"eunsa\" width=\"118\" height=\"28\" \/><\/div>\n<\/div><div class=\"fusion-clearfix\"><\/div>\n\n\t\t\t\t\t<\/div>\n\t\t\t\t<\/div><div  class=\"fusion-layout-column fusion_builder_column fusion_builder_column_1_3  fusion-one-third fusion-column-last block-review-color-list 1_3\"  style='margin-top:0px;margin-bottom:20px;width:33.33%;width:calc(33.33% - ( ( 4% ) * 0.3333 ) );'>\n\t\t\t\t\t<div class=\"fusion-column-wrapper\" style=\"padding: 0px 0px 0px 0px;background-position:left top;background-repeat:no-repeat;-webkit-background-size:cover;-moz-background-size:cover;-o-background-size:cover;background-size:cover;\"  data-bg-url=\"\">\n\t\t\t\t\t\t<div class=\"fusion-text\"><ul class=\"check-list\">\n<li>\n<h4>Aumento de la productividad<\/h4>\n<p>Con las opciones de trabajo por lotes y cargas de archivos Excel.<\/li>\n<li>\n<h4>Optimizaci\u00f3n del proceso de pedidos<\/h4>\n<p>Mediante la conexi\u00f3n con SINLI.<\/li>\n<li>\n<h4>Control de existencias<\/h4>\n<p>Webedi nos permite un control exhaustivo de las existencias.<\/li>\n<\/ul>\n<\/div><div class=\"fusion-clearfix\"><\/div>\n\n\t\t\t\t\t<\/div>\n\t\t\t\t<\/div><div  class=\"fusion-layout-column fusion_builder_column fusion_builder_column_1_1  fusion-one-full fusion-column-first fusion-column-last logos-list 1_1\"  style='margin-top:0px;margin-bottom:20px;'>\n\t\t\t\t\t<div class=\"fusion-column-wrapper\" style=\"padding: 0px 0px 0px 0px;background-position:left top;background-repeat:no-repeat;-webkit-background-size:cover;-moz-background-size:cover;-o-background-size:cover;background-size:cover;\"  data-bg-url=\"\">\n\t\t\t\t\t\t<span class=\"fusion-imageframe imageframe-none imageframe-1 hover-type-none\"><img loading=\"lazy\" decoding=\"async\" src=\"https:\/\/editorial.trevenque.es\/wp-content\/uploads\/2018\/07\/logos-editoriales-espa\u00f1a.jpg\" width=\"1192\" height=\"82\" alt=\"Editoriales clientes Trevenque\" title=\"Editoriales clientes Trevenque\" class=\"img-responsive wp-image-1196\" srcset=\"https:\/\/editorial.trevenque.es\/wp-content\/uploads\/2018\/07\/logos-editoriales-espa\u00f1a-200x14.jpg 200w, https:\/\/editorial.trevenque.es\/wp-content\/uploads\/2018\/07\/logos-editoriales-espa\u00f1a-400x28.jpg 400w, https:\/\/editorial.trevenque.es\/wp-content\/uploads\/2018\/07\/logos-editoriales-espa\u00f1a-600x41.jpg 600w, https:\/\/editorial.trevenque.es\/wp-content\/uploads\/2018\/07\/logos-editoriales-espa\u00f1a-800x55.jpg 800w, https:\/\/editorial.trevenque.es\/wp-content\/uploads\/2018\/07\/logos-editoriales-espa\u00f1a.jpg 1192w\" sizes=\"auto, (max-width: 850px) 100vw, 1192px\" \/><\/span><div class=\"fusion-clearfix\"><\/div>\n\n\t\t\t\t\t<\/div>\n\t\t\t\t<\/div><div  class=\"fusion-layout-column fusion_builder_column fusion_builder_column_1_1  fusion-one-full fusion-column-first fusion-column-last 1_1\"  style='margin-top:0px;margin-bottom:20px;'>\n\t\t\t\t\t<div class=\"fusion-column-wrapper\" style=\"padding: 0px 0px 0px 0px;background-position:left top;background-repeat:no-repeat;-webkit-background-size:cover;-moz-background-size:cover;-o-background-size:cover;background-size:cover;\"  data-bg-url=\"\">\n\t\t\t\t\t\t<div class=\"fusion-text\"><p style=\"text-align: center;\"><a class=\"fusion-text-link button-default\" href=\"https:\/\/editorial.trevenque.es\/mx\/casos-de-exito\/\"><span class=\"fusion-button-text\">Ver m\u00e1s casos de \u00e9xito<\/span><\/a><\/p>\n<\/div><div class=\"fusion-clearfix\"><\/div>\n\n\t\t\t\t\t<\/div>\n\t\t\t\t<\/div><\/div><\/div><\/p>\n","protected":false},"excerpt":{"rendered":"","protected":false},"author":14,"featured_media":1109,"parent":0,"menu_order":0,"comment_status":"closed","ping_status":"closed","template":"100-width.php","meta":{"_acf_changed":false,"footnotes":""},"class_list":["post-795","page","type-page","status-publish","has-post-thumbnail","hentry"],"acf":[],"_links":{"self":[{"href":"https:\/\/editorial.trevenque.es\/mx\/wp-json\/wp\/v2\/pages\/795","targetHints":{"allow":["GET"]}}],"collection":[{"href":"https:\/\/editorial.trevenque.es\/mx\/wp-json\/wp\/v2\/pages"}],"about":[{"href":"https:\/\/editorial.trevenque.es\/mx\/wp-json\/wp\/v2\/types\/page"}],"author":[{"embeddable":true,"href":"https:\/\/editorial.trevenque.es\/mx\/wp-json\/wp\/v2\/users\/14"}],"replies":[{"embeddable":true,"href":"https:\/\/editorial.trevenque.es\/mx\/wp-json\/wp\/v2\/comments?post=795"}],"version-history":[{"count":65,"href":"https:\/\/editorial.trevenque.es\/mx\/wp-json\/wp\/v2\/pages\/795\/revisions"}],"predecessor-version":[{"id":3241,"href":"https:\/\/editorial.trevenque.es\/mx\/wp-json\/wp\/v2\/pages\/795\/revisions\/3241"}],"wp:featuredmedia":[{"embeddable":true,"href":"https:\/\/editorial.trevenque.es\/mx\/wp-json\/wp\/v2\/media\/1109"}],"wp:attachment":[{"href":"https:\/\/editorial.trevenque.es\/mx\/wp-json\/wp\/v2\/media?parent=795"}],"curies":[{"name":"wp","href":"https:\/\/api.w.org\/{rel}","templated":true}]}}